{"id":3786,"date":"2025-08-28T21:18:30","date_gmt":"2025-08-29T00:18:30","guid":{"rendered":"https:\/\/www.gruposindicatodosamba.com.br\/?post_type=product&#038;p=3786"},"modified":"2025-08-28T21:41:06","modified_gmt":"2025-08-29T00:41:06","slug":"camisa-perder-ou-ganhar","status":"publish","type":"product","link":"https:\/\/www.gruposindicatodosamba.com.br\/ingressos\/produto\/camisa-perder-ou-ganhar\/","title":{"rendered":"Camisa &#8220;Perder ou Ganhar&#8221;"},"content":{"rendered":"<p><strong>Camisa personalizada<\/strong> com a letra da m\u00fasica <strong>&#8220;Perder ou Ganhar&#8221;<\/strong> do grupo <strong>Sindicato do Samba<\/strong>, em malha macia e confort\u00e1vel, feita com 100% algod\u00e3o.<\/p>\n<p><strong><br \/>\nCamisas Tradicionais<\/strong> (Unissex)<\/p>\n<ul>\n<li>&#8220;<strong>PP<\/strong>&#8221; 64cm (comprimento)\u00a0 x 45cm (largura)<\/li>\n<li>&#8220;<strong>P<\/strong>&#8221; 70cm (comprimento) \u00a0x 49cm (largura)<\/li>\n<li>&#8220;<strong>M<\/strong>&#8221; 71cm (comprimento) \u00a0x 51cm (largura)<\/li>\n<li>&#8220;<strong>G<\/strong>&#8221; 74cm (comprimento) \u00a0x 57cm (largura)<\/li>\n<li>&#8220;<strong>GG<\/strong>&#8221; 77cm (comprimento) \u00a0x 58cm (largura)<\/li>\n<li>&#8220;<strong>XGG<\/strong>&#8221; 80cm (comprimento) \u00a0x 62cm (largura)<\/li>\n<li>&#8220;<strong>XG1<\/strong>&#8221; 85cm (comprimento) \u00a0x 76cm (largura)<\/li>\n<li>&#8220;<strong>XG2<\/strong>&#8221; 88cm (comprimento) \u00a0x 79cm (largura)<\/li>\n<\/ul>\n<p><strong><br \/>\nCamisas Babylooks <\/strong>(Femininas)<\/p>\n<ul>\n<li>&#8220;<strong>P<\/strong>&#8221; 59cm (comprimento) x 44cm (largura)<\/li>\n<li>&#8220;<strong>M<\/strong>&#8221; 62cm (comprimento) x 45cm (largura)<\/li>\n<li>&#8220;<strong>G<\/strong>&#8221; 63cm (comprimento) x 52cm (largura)<\/li>\n<li>&#8220;<strong>GG<\/strong>&#8221; 64cm (comprimento) x 55cm (largura)<\/li>\n<\/ul>\n<p>&nbsp;<\/p>\n<p><strong>Prazo de entrega<\/strong> descrito na consulta do frete.<\/p>\n","protected":false},"excerpt":{"rendered":"<p>Camisa personalizada com a letra da m\u00fasica &#8220;Perder ou Ganhar&#8221; do grupo Sindicato do Samba, em malha macia e confort\u00e1vel, feita com 100% algod\u00e3o. Camisas Tradicionais (Unissex) &#8220;PP&#8221; 64cm (comprimento)\u00a0 x 45cm (largura) &#8220;P&#8221; 70cm (comprimento) \u00a0x 49cm (largura) &#8220;M&#8221; 71cm (comprimento) \u00a0x 51cm (largura) &#8220;G&#8221; 74cm (comprimento) \u00a0x 57cm (largura) &#8220;GG&#8221; 77cm (comprimento) \u00a0x [&hellip;]<\/p>\n","protected":false},"featured_media":0,"comment_status":"closed","ping_status":"closed","template":"","meta":{"_joinchat":[]},"product_brand":[],"product_cat":[34],"product_tag":[],"class_list":{"0":"post-3786","1":"product","2":"type-product","3":"status-publish","5":"product_cat-camisas","7":"first","8":"instock","9":"purchasable","10":"product-type-variable"},"_links":{"self":[{"href":"https:\/\/www.gruposindicatodosamba.com.br\/ingressos\/wp-json\/wp\/v2\/product\/3786","targetHints":{"allow":["GET"]}}],"collection":[{"href":"https:\/\/www.gruposindicatodosamba.com.br\/ingressos\/wp-json\/wp\/v2\/product"}],"about":[{"href":"https:\/\/www.gruposindicatodosamba.com.br\/ingressos\/wp-json\/wp\/v2\/types\/product"}],"replies":[{"embeddable":true,"href":"https:\/\/www.gruposindicatodosamba.com.br\/ingressos\/wp-json\/wp\/v2\/comments?post=3786"}],"wp:attachment":[{"href":"https:\/\/www.gruposindicatodosamba.com.br\/ingressos\/wp-json\/wp\/v2\/media?parent=3786"}],"wp:term":[{"taxonomy":"product_brand","embeddable":true,"href":"https:\/\/www.gruposindicatodosamba.com.br\/ingressos\/wp-json\/wp\/v2\/product_brand?post=3786"},{"taxonomy":"product_cat","embeddable":true,"href":"https:\/\/www.gruposindicatodosamba.com.br\/ingressos\/wp-json\/wp\/v2\/product_cat?post=3786"},{"taxonomy":"product_tag","embeddable":true,"href":"https:\/\/www.gruposindicatodosamba.com.br\/ingressos\/wp-json\/wp\/v2\/product_tag?post=3786"}],"curies":[{"name":"wp","href":"https:\/\/api.w.org\/{rel}","templated":true}]}}