{"id":4320,"date":"2025-08-29T16:01:36","date_gmt":"2025-08-29T19:01:36","guid":{"rendered":"https:\/\/www.gruposindicatodosamba.com.br\/?post_type=product&#038;p=4320"},"modified":"2025-09-01T11:20:02","modified_gmt":"2025-09-01T14:20:02","slug":"bone-bordado-do-sds","status":"publish","type":"product","link":"https:\/\/www.gruposindicatodosamba.com.br\/ingressos\/produto\/bone-bordado-do-sds\/","title":{"rendered":"Bon\u00e9 do SDS Trucker"},"content":{"rendered":"<p><strong>Bon\u00e9 modelo trucker<\/strong> com a logomarca do grupo<strong> Sindicato do Samba <\/strong>em tecido de alta qualidade com tela, design vers\u00e1til e confort\u00e1vel.<\/p>\n<p><strong>Descri\u00e7\u00e3o<\/strong><\/p>\n<ul>\n<li>Tecido com tela;<\/li>\n<li>Aba curva;<\/li>\n<li>Regulador traseiro de pl\u00e1stico;<\/li>\n<li>Bordado ou pintura silk frontal em alto relevo;<\/li>\n<li>Profundidade 6,5 cm;<\/li>\n<li>Circunfer\u00eancia: 52 a 62 cm;<\/li>\n<li>Comprimento da aba\u00a07 cm.<\/li>\n<\/ul>\n<p>&nbsp;<\/p>\n<p><strong>Prazo de entrega<\/strong> descrito na consulta do frete.<\/p>\n","protected":false},"excerpt":{"rendered":"<p>Bon\u00e9 modelo trucker com a logomarca do grupo Sindicato do Samba em tecido de alta qualidade com tela, design vers\u00e1til e confort\u00e1vel. Descri\u00e7\u00e3o Tecido com tela; Aba curva; Regulador traseiro de pl\u00e1stico; Bordado ou pintura silk frontal em alto relevo; Profundidade 6,5 cm; Circunfer\u00eancia: 52 a 62 cm; Comprimento da aba\u00a07 cm. &nbsp; Prazo de [&hellip;]<\/p>\n","protected":false},"featured_media":0,"comment_status":"open","ping_status":"closed","template":"","meta":{"_joinchat":[]},"product_brand":[],"product_cat":[57],"product_tag":[],"class_list":{"0":"post-4320","1":"product","2":"type-product","3":"status-publish","5":"product_cat-bones","7":"first","8":"instock","9":"shipping-taxable","10":"purchasable","11":"product-type-variable"},"_links":{"self":[{"href":"https:\/\/www.gruposindicatodosamba.com.br\/ingressos\/wp-json\/wp\/v2\/product\/4320","targetHints":{"allow":["GET"]}}],"collection":[{"href":"https:\/\/www.gruposindicatodosamba.com.br\/ingressos\/wp-json\/wp\/v2\/product"}],"about":[{"href":"https:\/\/www.gruposindicatodosamba.com.br\/ingressos\/wp-json\/wp\/v2\/types\/product"}],"replies":[{"embeddable":true,"href":"https:\/\/www.gruposindicatodosamba.com.br\/ingressos\/wp-json\/wp\/v2\/comments?post=4320"}],"wp:attachment":[{"href":"https:\/\/www.gruposindicatodosamba.com.br\/ingressos\/wp-json\/wp\/v2\/media?parent=4320"}],"wp:term":[{"taxonomy":"product_brand","embeddable":true,"href":"https:\/\/www.gruposindicatodosamba.com.br\/ingressos\/wp-json\/wp\/v2\/product_brand?post=4320"},{"taxonomy":"product_cat","embeddable":true,"href":"https:\/\/www.gruposindicatodosamba.com.br\/ingressos\/wp-json\/wp\/v2\/product_cat?post=4320"},{"taxonomy":"product_tag","embeddable":true,"href":"https:\/\/www.gruposindicatodosamba.com.br\/ingressos\/wp-json\/wp\/v2\/product_tag?post=4320"}],"curies":[{"name":"wp","href":"https:\/\/api.w.org\/{rel}","templated":true}]}}